{"id":36,"date":"2022-06-13T13:57:57","date_gmt":"2022-06-13T11:57:57","guid":{"rendered":"http:\/\/majordubreucq.be\/testwpv2\/?page_id=36"},"modified":"2026-03-17T08:54:00","modified_gmt":"2026-03-17T07:54:00","slug":"agenda","status":"publish","type":"page","link":"https:\/\/majordubreucq.be\/index.php\/agenda\/","title":{"rendered":"Agenda"},"content":{"rendered":"\n\n\n<div style=\"height:50px\" aria-hidden=\"true\" class=\"wp-block-spacer\"><\/div>\n\n\n\n<figure class=\"wp-block-image size-full\"><img loading=\"lazy\" decoding=\"async\" width=\"255\" height=\"231\" src=\"http:\/\/majordubreucq.be\/wp-content\/uploads\/2022\/06\/caddie-inverse-250px-rouge-et-blanc-fantome.png\" alt=\"\" class=\"wp-image-165\"\/><\/figure>\n\n\n\n<p><strong>Concerts que vous avez rat\u00e9s<\/strong> (sans possibilit\u00e9 de revenir en arri\u00e8re, jamais) :<\/p>\n\n\n\n<p>07\/02\/2026 au Centre culturel de Fl\u00e9malle<\/p>\n\n\n\n<p>29\/07\/2025 chez F\u00e9lix (Anduze, France)<\/p>\n\n\n\n<p>26\/07\/2025 \u00e0 La Gait\u00e9 Guinguette (F\u00e9neyrols, France)<\/p>\n\n\n\n<p>25\/07\/2025 au Gros WE des petites caves (Le Verdier, France)<\/p>\n\n\n\n<p>14\/06\/2025 aux Soir\u00e9es Chantal (Ferme rose \u00e0 Uccle)<\/p>\n\n\n\n<p>18 et 19\/04\/2025 au <a href=\"https:\/\/www.lejardindemasoeur.be\/jardinevents\/2017\/10\/25\/brel-bruno-ke5n8-r6mk8-nks45-sbres-7lany-3zjhw-y6bjj-4246y-wg6zr-egtjr-59nbp-9224f-4nx2e-w3bzd\">Jardin de ma S\u0153ur<\/a> (Bruxelles)<\/p>\n\n\n\n<p>30\/08\/2024 \u00e0 <a href=\"https:\/\/chechette.be\/\">La vieille Ch\u00e9chette<\/a> (Bruxelles)<\/p>\n\n\n\n<p>14\/07\/2024 \u00e0 La Javanaise (Rivi\u00e8res, France)<\/p>\n\n\n\n<p>13\/07\/2024 au <a href=\"http:\/\/festivalcinemabelge.fr\/\">festival Cin\u00e9ma belge en Garrigue<\/a> (Uz\u00e8s, France)<\/p>\n\n\n\n<p>08\/12\/2023 en formule solo <a href=\"https:\/\/ruchedenise.be\/\" target=\"_blank\" rel=\"noreferrer noopener\">Chez Denise<\/a> (Mont-Saint-Guibert)<\/p>\n\n\n\n<p>10\/11\/2023 au festival <a href=\"https:\/\/1chanson.be\/\" target=\"_blank\" rel=\"noreferrer noopener\">Une chanson peut en cacher une autre<\/a> (Stavelot)<\/p>\n\n\n\n<p>07\/11\/2023 au festival <a href=\"https:\/\/www.crossroadsfestival.org\/\" target=\"_blank\" rel=\"noreferrer noopener\">Crossroads<\/a> (Roubaix)<\/p>\n\n\n\n<p>3, 4 et 10\/10\/2023 en premi\u00e8re partie de <a rel=\"noreferrer noopener\" href=\"https:\/\/www.francofaune.be\/artist\/2023-les-snuls\/\" target=\"_blank\">Santa Belgica<\/a> (concert d&rsquo;hommage aux Snuls), cr\u00e9\u00e9 dans le cadre du festival <a rel=\"noreferrer noopener\" href=\"https:\/\/www.francofaune.be\/\" target=\"_blank\">FrancoFaune<\/a><\/p>\n\n\n\n<p>29\/09\/2023 \u00e0 la maison Stepman, pour le <a href=\"https:\/\/archipel19.be\/evenement\/concert-major-dubreucq\/\" data-type=\"link\" data-id=\"https:\/\/archipel19.be\/evenement\/concert-major-dubreucq\/\">centre culturel de Berchem-Sainte Agathe et Koekelberg<\/a><\/p>\n\n\n\n<p>10\/02\/2023 au Henribar (Henripont)<\/p>\n\n\n\n<p>26\/11\/2022 au <a rel=\"noreferrer noopener\" href=\"https:\/\/www.lepetittheatredelagrandevie.com\/\" target=\"_blank\">Petit Th\u00e9\u00e2tre de la Grande Vie<\/a> (Forz\u00e9e)<\/p>\n\n\n\n<p>11 &amp; 12\/11\/2022 au <a rel=\"noreferrer noopener\" href=\"https:\/\/www.lejardindemasoeur.be\/\" target=\"_blank\">Jardin de ma s\u0153ur<\/a> (Bruxelles)<\/p>\n\n\n\n<p>22\/09\/2022 au <a rel=\"noreferrer noopener\" href=\"https:\/\/botanique.be\/fr\/concert\/major-dubreucq-2022\" target=\"_blank\">Botanique<\/a> (Bruxelles)<\/p>\n\n\n\n<p>22\/07\/2022 aux <a rel=\"noreferrer noopener\" href=\"https:\/\/w.francofolies.be\/affiche\/scenes\/scene-sabam-for-culture\" target=\"_blank\">Francofolies de Spa<\/a> (finale du <a rel=\"noreferrer noopener\" href=\"https:\/\/www.facebook.com\/FrancOff-232453817102519\" target=\"_blank\">Franc&rsquo;off<\/a>)<\/p>\n\n\n\n<p>23\/05\/2022 au CC Huy (dans le cadre du <a rel=\"noreferrer noopener\" href=\"https:\/\/www.facebook.com\/FrancOff-232453817102519\" target=\"_blank\">Franc&rsquo;off<\/a>)<\/p>\n\n\n\n<p>26\/04\/2022 au CC Ciney (pr\u00e9sentation de saison des Jeunesses Musicales)<\/p>\n\n\n\n<p>24\/03\/2022 \u00e0 l&rsquo;<a rel=\"noreferrer noopener\" href=\"https:\/\/www.osamoelle.be\/\" target=\"_blank\">Os \u00e0 Moelle<\/a> (Bruxelles)<\/p>\n\n\n\n<p>11\/03\/2022 au <a rel=\"noreferrer noopener\" href=\"https:\/\/www.ledelta.be\/\" target=\"_blank\">Delta<\/a> (Namur)<\/p>\n\n\n\n<p>17\/02\/2022 \u00e0 l&rsquo;<a rel=\"noreferrer noopener\" href=\"https:\/\/www.ecrin.be\/\" target=\"_blank\">\u00c9crin<\/a> (\u00c9ghez\u00e9e)<\/p>\n\n\n\n<p>08\/10\/2021 au festival <a rel=\"noreferrer noopener\" href=\"https:\/\/www.francofaune.be\/\" target=\"_blank\">FrancoFaune<\/a> (Bruxelles)<\/p>\n\n\n\n<p>03\/10\/2021 au festival <a rel=\"noreferrer noopener\" href=\"https:\/\/www.lestailleurs.be\/\" target=\"_blank\">Les Tailleurs<\/a> (\u00c9caussines)<\/p>\n\n\n\n<p>30\/09\/2021 au <a rel=\"noreferrer noopener\" href=\"https:\/\/www.lerideaurouge.be\/\" target=\"_blank\">Rideau Rouge<\/a> (Lasne)<\/p>\n","protected":false},"excerpt":{"rendered":"<p>Concerts que vous avez rat\u00e9s (sans possibilit\u00e9 de revenir en arri\u00e8re, jamais) : 07\/02\/2026 au Centre culturel de Fl\u00e9malle 29\/07\/2025 chez F\u00e9lix (Anduze, France) 26\/07\/2025 \u00e0 La Gait\u00e9 Guinguette (F\u00e9neyrols, France) 25\/07\/2025 au Gros WE des petites caves (Le Verdier, France) 14\/06\/2025 aux Soir\u00e9es Chantal (Ferme rose \u00e0 Uccle) 18 et 19\/04\/2025 au Jardin de [&hellip;]<\/p>\n","protected":false},"author":1,"featured_media":0,"parent":0,"menu_order":0,"comment_status":"closed","ping_status":"closed","template":"","meta":{"footnotes":""},"class_list":["post-36","page","type-page","status-publish","hentry"],"_links":{"self":[{"href":"https:\/\/majordubreucq.be\/index.php\/wp-json\/wp\/v2\/pages\/36","targetHints":{"allow":["GET"]}}],"collection":[{"href":"https:\/\/majordubreucq.be\/index.php\/wp-json\/wp\/v2\/pages"}],"about":[{"href":"https:\/\/majordubreucq.be\/index.php\/wp-json\/wp\/v2\/types\/page"}],"author":[{"embeddable":true,"href":"https:\/\/majordubreucq.be\/index.php\/wp-json\/wp\/v2\/users\/1"}],"replies":[{"embeddable":true,"href":"https:\/\/majordubreucq.be\/index.php\/wp-json\/wp\/v2\/comments?post=36"}],"version-history":[{"count":20,"href":"https:\/\/majordubreucq.be\/index.php\/wp-json\/wp\/v2\/pages\/36\/revisions"}],"predecessor-version":[{"id":312,"href":"https:\/\/majordubreucq.be\/index.php\/wp-json\/wp\/v2\/pages\/36\/revisions\/312"}],"wp:attachment":[{"href":"https:\/\/majordubreucq.be\/index.php\/wp-json\/wp\/v2\/media?parent=36"}],"curies":[{"name":"wp","href":"https:\/\/api.w.org\/{rel}","templated":true}]}}